{"id":6766,"date":"2025-06-13T10:43:25","date_gmt":"2025-06-13T10:43:25","guid":{"rendered":"https:\/\/ilainez.com\/politica-de-privacidad\/"},"modified":"2025-06-13T10:43:25","modified_gmt":"2025-06-13T10:43:25","slug":"politica-de-privacidad","status":"publish","type":"page","link":"https:\/\/ilainez.com\/es\/politica-de-privacidad\/","title":{"rendered":"Pol\u00edtica de Privacidad"},"content":{"rendered":"<style>.elementor-6766 .elementor-element.elementor-element-7560a27f > .elementor-container{max-width:1240px;}.elementor-6766 .elementor-element.elementor-element-7560a27f:not(.elementor-motion-effects-element-type-background), .elementor-6766 .elementor-element.elementor-element-7560a27f > .elementor-motion-effects-container > .elementor-motion-effects-layer{background-color:var( --e-global-color-6cdf674 );}.elementor-6766 .elementor-element.elementor-element-7560a27f > .elementor-background-overlay{background-image:url(\"https:\/\/ilainez.com\/wp-content\/uploads\/2025\/06\/top-section-bg4.png\");background-position:center center;background-repeat:no-repeat;background-size:cover;opacity:0.5;mix-blend-mode:multiply;transition:background 0.3s, border-radius 0.3s, opacity 0.3s;}.elementor-6766 .elementor-element.elementor-element-7560a27f{border-style:none;transition:background 0.3s, border 0.3s, border-radius 0.3s, box-shadow 0.3s;padding:180px 0px 100px 0px;}.elementor-6766 .elementor-element.elementor-element-32e322a5 > .elementor-element-populated{margin:0px 0px 0px 0px;--e-column-margin-right:0px;--e-column-margin-left:0px;}.elementor-6766 .elementor-element.elementor-element-29fa82b5 .elementor-icon-list-items:not(.elementor-inline-items) .elementor-icon-list-item:not(:last-child){padding-block-end:calc(10px\/2);}.elementor-6766 .elementor-element.elementor-element-29fa82b5 .elementor-icon-list-items:not(.elementor-inline-items) .elementor-icon-list-item:not(:first-child){margin-block-start:calc(10px\/2);}.elementor-6766 .elementor-element.elementor-element-29fa82b5 .elementor-icon-list-items.elementor-inline-items .elementor-icon-list-item{margin-inline:calc(10px\/2);}.elementor-6766 .elementor-element.elementor-element-29fa82b5 .elementor-icon-list-items.elementor-inline-items{margin-inline:calc(-10px\/2);}.elementor-6766 .elementor-element.elementor-element-29fa82b5 .elementor-icon-list-items.elementor-inline-items .elementor-icon-list-item:after{inset-inline-end:calc(-10px\/2);}.elementor-6766 .elementor-element.elementor-element-29fa82b5 .elementor-icon-list-icon i{color:var( --e-global-color-b5d4e2e );transition:color 0.3s;}.elementor-6766 .elementor-element.elementor-element-29fa82b5 .elementor-icon-list-icon svg{fill:var( --e-global-color-b5d4e2e );transition:fill 0.3s;}.elementor-6766 .elementor-element.elementor-element-29fa82b5{--e-icon-list-icon-size:14px;--icon-vertical-offset:0px;width:auto;max-width:auto;}.elementor-6766 .elementor-element.elementor-element-29fa82b5 .elementor-icon-list-icon{padding-inline-end:2px;}.elementor-6766 .elementor-element.elementor-element-29fa82b5 .elementor-icon-list-item > .elementor-icon-list-text, .elementor-6766 .elementor-element.elementor-element-29fa82b5 .elementor-icon-list-item > a{font-family:var( --e-global-typography-01dd835-font-family ), Sans-serif;font-size:var( --e-global-typography-01dd835-font-size );font-weight:var( --e-global-typography-01dd835-font-weight );line-height:var( --e-global-typography-01dd835-line-height );letter-spacing:var( --e-global-typography-01dd835-letter-spacing );word-spacing:var( --e-global-typography-01dd835-word-spacing );}.elementor-6766 .elementor-element.elementor-element-29fa82b5 .elementor-icon-list-text{color:var( --e-global-color-primary );transition:color 0.3s;}.elementor-6766 .elementor-element.elementor-element-29fa82b5 > .elementor-widget-container{padding:10px 24px 10px 24px;background-color:#2C4CD300;border-style:solid;border-width:1px 1px 1px 1px;border-color:#00000012;border-radius:100px 100px 100px 100px;}.elementor-6766 .elementor-element.elementor-element-78f72765 .elementor-heading-title{font-family:var( --e-global-typography-138675c-font-family ), Sans-serif;font-size:var( --e-global-typography-138675c-font-size );font-weight:var( --e-global-typography-138675c-font-weight );line-height:var( --e-global-typography-138675c-line-height );letter-spacing:var( --e-global-typography-138675c-letter-spacing );word-spacing:var( --e-global-typography-138675c-word-spacing );color:var( --e-global-color-primary );}.elementor-6766 .elementor-element.elementor-element-78f72765 > .elementor-widget-container{margin:20px 0px 0px 0px;}.elementor-bc-flex-widget .elementor-6766 .elementor-element.elementor-element-687f14d1.elementor-column .elementor-widget-wrap{align-items:flex-end;}.elementor-6766 .elementor-element.elementor-element-687f14d1.elementor-column.elementor-element[data-element_type=\"column\"] > .elementor-widget-wrap.elementor-element-populated{align-content:flex-end;align-items:flex-end;}.elementor-6766 .elementor-element.elementor-element-687f14d1 > .elementor-element-populated{margin:0px 0px 0px 60px;--e-column-margin-right:0px;--e-column-margin-left:60px;}.elementor-6766 .elementor-element.elementor-element-16fa8eff{--spacer-size:170px;}.elementor-6766 .elementor-element.elementor-element-16fa8eff > .elementor-widget-container{background-image:url(\"https:\/\/ilainez.com\/wp-content\/uploads\/2025\/06\/young-repairman-of-maintenance-service-shaking-hand-of-housewife-after-work.jpg\");background-position:0px 0px;background-size:cover;border-radius:150px 150px 150px 150px;}.elementor-6766 .elementor-element.elementor-element-2fa89a0f > .elementor-container{max-width:1240px;}.elementor-6766 .elementor-element.elementor-element-2fa89a0f{padding:120px 0px 80px 0px;}@media(max-width:1024px) and (min-width:768px){.elementor-6766 .elementor-element.elementor-element-32e322a5{width:100%;}.elementor-6766 .elementor-element.elementor-element-687f14d1{width:100%;}}@media(max-width:1024px){.elementor-6766 .elementor-element.elementor-element-7560a27f{padding:180px 20px 100px 20px;}.elementor-6766 .elementor-element.elementor-element-32e322a5 > .elementor-element-populated{margin:0px 0px 30px 0px;--e-column-margin-right:0px;--e-column-margin-left:0px;}.elementor-6766 .elementor-element.elementor-element-29fa82b5 .elementor-icon-list-item > .elementor-icon-list-text, .elementor-6766 .elementor-element.elementor-element-29fa82b5 .elementor-icon-list-item > a{font-size:var( --e-global-typography-01dd835-font-size );line-height:var( --e-global-typography-01dd835-line-height );letter-spacing:var( --e-global-typography-01dd835-letter-spacing );word-spacing:var( --e-global-typography-01dd835-word-spacing );}.elementor-6766 .elementor-element.elementor-element-78f72765 .elementor-heading-title{font-size:var( --e-global-typography-138675c-font-size );line-height:var( --e-global-typography-138675c-line-height );letter-spacing:var( --e-global-typography-138675c-letter-spacing );word-spacing:var( --e-global-typography-138675c-word-spacing );}.elementor-6766 .elementor-element.elementor-element-687f14d1 > .elementor-element-populated{margin:0px 0px 0px 0px;--e-column-margin-right:0px;--e-column-margin-left:0px;}.elementor-6766 .elementor-element.elementor-element-16fa8eff > .elementor-widget-container{background-position:0px -23px;}.elementor-6766 .elementor-element.elementor-element-2fa89a0f{padding:80px 20px 60px 20px;}}@media(max-width:767px){.elementor-6766 .elementor-element.elementor-element-7560a27f{padding:150px 10px 60px 10px;}.elementor-6766 .elementor-element.elementor-element-29fa82b5 .elementor-icon-list-item > .elementor-icon-list-text, .elementor-6766 .elementor-element.elementor-element-29fa82b5 .elementor-icon-list-item > a{font-size:var( --e-global-typography-01dd835-font-size );line-height:var( --e-global-typography-01dd835-line-height );letter-spacing:var( --e-global-typography-01dd835-letter-spacing );word-spacing:var( --e-global-typography-01dd835-word-spacing );}.elementor-6766 .elementor-element.elementor-element-78f72765 .elementor-heading-title{font-size:var( --e-global-typography-138675c-font-size );line-height:var( --e-global-typography-138675c-line-height );letter-spacing:var( --e-global-typography-138675c-letter-spacing );word-spacing:var( --e-global-typography-138675c-word-spacing );}.elementor-6766 .elementor-element.elementor-element-16fa8eff{--spacer-size:120px;}.elementor-6766 .elementor-element.elementor-element-16fa8eff > .elementor-widget-container{background-position:0px 0px;}.elementor-6766 .elementor-element.elementor-element-2fa89a0f{padding:80px 10px 60px 10px;}}<\/style>\t\t<div data-elementor-type=\"wp-page\" data-elementor-id=\"6766\" class=\"elementor elementor-6766\" data-elementor-post-type=\"page\">\n\t\t\t\t\t\t<section class=\"elementor-section elementor-top-section elementor-element elementor-element-7560a27f elementor-section-boxed elementor-section-height-default elementor-section-height-default\" data-id=\"7560a27f\" data-element_type=\"section\" data-e-type=\"section\" data-settings=\"{&quot;background_background&quot;:&quot;classic&quot;}\">\n\t\t\t\t\t\t\t<div class=\"elementor-background-overlay\"><\/div>\n\t\t\t\t\t\t\t<div class=\"elementor-container elementor-column-gap-no\">\n\t\t\t\t\t<div class=\"elementor-column elementor-col-50 elementor-top-column elementor-element elementor-element-32e322a5\" data-id=\"32e322a5\" data-element_type=\"column\" data-e-type=\"column\">\n\t\t\t<div class=\"elementor-widget-wrap elementor-element-populated\">\n\t\t\t\t\t\t<div class=\"elementor-element elementor-element-29fa82b5 elementor-icon-list--layout-inline elementor-widget__width-auto elementor-list-item-link-full_width elementor-widget elementor-widget-icon-list\" data-id=\"29fa82b5\" data-element_type=\"widget\" data-e-type=\"widget\" data-widget_type=\"icon-list.default\">\n\t\t\t\t<div class=\"elementor-widget-container\">\n\t\t\t\t\t\t\t<ul class=\"elementor-icon-list-items elementor-inline-items\">\n\t\t\t\t\t\t\t<li class=\"elementor-icon-list-item elementor-inline-item\">\n\t\t\t\t\t\t\t\t\t\t\t<a href=\"https:\/\/ilainez.com\/\">\n\n\t\t\t\t\t\t\t\t\t\t\t<span class=\"elementor-icon-list-text\">Inici<\/span>\n\t\t\t\t\t\t\t\t\t\t\t<\/a>\n\t\t\t\t\t\t\t\t\t<\/li>\n\t\t\t\t\t\t\t\t<li class=\"elementor-icon-list-item elementor-inline-item\">\n\t\t\t\t\t\t\t\t\t\t\t<a href=\"https:\/\/ilainez.com\/politica-de-privacitat\/\">\n\n\t\t\t\t\t\t\t\t\t\t\t\t<span class=\"elementor-icon-list-icon\">\n\t\t\t\t\t\t\t<svg aria-hidden=\"true\" class=\"e-font-icon-svg e-fas-chevron-circle-right\" viewBox=\"0 0 512 512\" xmlns=\"http:\/\/www.w3.org\/2000\/svg\"><path d=\"M256 8c137 0 248 111 248 248S393 504 256 504 8 393 8 256 119 8 256 8zm113.9 231L234.4 103.5c-9.4-9.4-24.6-9.4-33.9 0l-17 17c-9.4 9.4-9.4 24.6 0 33.9L285.1 256 183.5 357.6c-9.4 9.4-9.4 24.6 0 33.9l17 17c9.4 9.4 24.6 9.4 33.9 0L369.9 273c9.4-9.4 9.4-24.6 0-34z\"><\/path><\/svg>\t\t\t\t\t\t<\/span>\n\t\t\t\t\t\t\t\t\t\t<span class=\"elementor-icon-list-text\">Pol\u00edtica de Privacitat<\/span>\n\t\t\t\t\t\t\t\t\t\t\t<\/a>\n\t\t\t\t\t\t\t\t\t<\/li>\n\t\t\t\t\t\t<\/ul>\n\t\t\t\t\t\t<\/div>\n\t\t\t\t<\/div>\n\t\t\t\t<div class=\"elementor-element elementor-element-78f72765 elementor-widget elementor-widget-heading\" data-id=\"78f72765\" data-element_type=\"widget\" data-e-type=\"widget\" data-widget_type=\"heading.default\">\n\t\t\t\t<div class=\"elementor-widget-container\">\n\t\t\t\t\t<h2 class=\"elementor-heading-title elementor-size-default\">Pol\u00edtica de Privacitat<\/h2>\t\t\t\t<\/div>\n\t\t\t\t<\/div>\n\t\t\t\t\t<\/div>\n\t\t<\/div>\n\t\t\t\t<div class=\"elementor-column elementor-col-50 elementor-top-column elementor-element elementor-element-687f14d1\" data-id=\"687f14d1\" data-element_type=\"column\" data-e-type=\"column\">\n\t\t\t<div class=\"elementor-widget-wrap elementor-element-populated\">\n\t\t\t\t\t\t<div class=\"elementor-element elementor-element-16fa8eff elementor-widget elementor-widget-spacer\" data-id=\"16fa8eff\" data-element_type=\"widget\" data-e-type=\"widget\" data-widget_type=\"spacer.default\">\n\t\t\t\t<div class=\"elementor-widget-container\">\n\t\t\t\t\t\t\t<div class=\"elementor-spacer\">\n\t\t\t<div class=\"elementor-spacer-inner\"><\/div>\n\t\t<\/div>\n\t\t\t\t\t\t<\/div>\n\t\t\t\t<\/div>\n\t\t\t\t\t<\/div>\n\t\t<\/div>\n\t\t\t\t\t<\/div>\n\t\t<\/section>\n\t\t\t\t<section class=\"elementor-section elementor-top-section elementor-element elementor-element-2fa89a0f elementor-section-boxed elementor-section-height-default elementor-section-height-default\" data-id=\"2fa89a0f\" data-element_type=\"section\" data-e-type=\"section\">\n\t\t\t\t\t\t<div class=\"elementor-container elementor-column-gap-no\">\n\t\t\t\t\t<div class=\"elementor-column elementor-col-100 elementor-top-column elementor-element elementor-element-591937cf\" data-id=\"591937cf\" data-element_type=\"column\" data-e-type=\"column\">\n\t\t\t<div class=\"elementor-widget-wrap elementor-element-populated\">\n\t\t\t\t\t\t<div class=\"elementor-element elementor-element-0ca6adf elementor-widget elementor-widget-text-editor\" data-id=\"0ca6adf\" data-element_type=\"widget\" data-e-type=\"widget\" data-widget_type=\"text-editor.default\">\n\t\t\t\t<div class=\"elementor-widget-container\">\n\t\t\t\t\t\t\t\t\t<p>En compliment del que estableix el Reglament (UE) 2016\/679 del Parlament Europeu i del Consell, de 27 d\u2019abril de 2016, relatiu a la protecci\u00f3 de les persones f\u00edsiques pel que fa al tractament de dades personals i a la lliure circulaci\u00f3 d\u2019aquestes dades (RGPD), aix\u00ed com la Llei Org\u00e0nica 3\/2018, de 5 de desembre, de Protecci\u00f3 de Dades Personals i garantia dels drets digitals, s\u2019informa als usuaris d\u2019aquest lloc web sobre la pol\u00edtica de privacitat i protecci\u00f3 de dades.<\/p>\t\t\t\t\t\t\t\t<\/div>\n\t\t\t\t<\/div>\n\t\t\t\t<div class=\"elementor-element elementor-element-75a8979 elementor-widget elementor-widget-text-editor\" data-id=\"75a8979\" data-element_type=\"widget\" data-e-type=\"widget\" data-widget_type=\"text-editor.default\">\n\t\t\t\t<div class=\"elementor-widget-container\">\n\t\t\t\t\t\t\t\t\t<h5>1. Responsable del tractament<\/h5><p data-start=\"434\" data-end=\"585\"><strong data-start=\"682\" data-end=\"694\">Titular:<\/strong> Ram\u00f3n Lainez P\u00e9rez<br data-start=\"713\" data-end=\"716\" \/><strong data-start=\"716\" data-end=\"734\">Nom comercial:<\/strong> Lainez Instal\u00b7lacions<br data-start=\"756\" data-end=\"759\" \/><strong data-start=\"759\" data-end=\"767\">NIF:<\/strong> 46782498-S<br data-start=\"778\" data-end=\"781\" \/><strong data-start=\"781\" data-end=\"794\">Domicili:<\/strong> C. Ametller, 64 \u2013 08711 \u00d2dena \u2013 Barcelona<br data-start=\"836\" data-end=\"839\" \/><strong data-start=\"839\" data-end=\"851\">Tel\u00e8fon:<\/strong> 646 60 68 63<br data-start=\"864\" data-end=\"867\" \/><strong data-start=\"867\" data-end=\"889\">Correu electr\u00f2nic:<\/strong> <a class=\"cursor-pointer\" rel=\"noopener\" data-start=\"890\" data-end=\"904\">info@ilainez.com<\/a><br data-start=\"904\" data-end=\"907\" \/><strong data-start=\"907\" data-end=\"922\">Domini web:<\/strong> <a class=\"\" href=\"https:\/\/ilainez.com\/\" target=\"_new\" rel=\"noopener\" data-start=\"923\" data-end=\"975\">https:\/\/ilainez.com\/<\/a><\/p>\t\t\t\t\t\t\t\t<\/div>\n\t\t\t\t<\/div>\n\t\t\t\t<div class=\"elementor-element elementor-element-58cd05a elementor-widget elementor-widget-text-editor\" data-id=\"58cd05a\" data-element_type=\"widget\" data-e-type=\"widget\" data-widget_type=\"text-editor.default\">\n\t\t\t\t<div class=\"elementor-widget-container\">\n\t\t\t\t\t\t\t\t\t<h5>2. Finalitat del tractament de les dades<\/h5><p data-start=\"1029\" data-end=\"1133\">Les dades personals facilitades per l\u2019usuari a trav\u00e9s d\u2019aquest lloc web es recullen amb la finalitat de:<\/p><ul data-start=\"1135\" data-end=\"1401\"><li data-start=\"1135\" data-end=\"1258\"><p data-start=\"1137\" data-end=\"1258\">Gestionar les consultes, sol\u00b7licituds o peticions realitzades a trav\u00e9s del formulari de contacte o per correu electr\u00f2nic.<\/p><\/li><li data-start=\"1259\" data-end=\"1342\"><p data-start=\"1261\" data-end=\"1342\">Mantenir la comunicaci\u00f3 comercial, sempre que l\u2019usuari ho autoritzi expressament.<\/p><\/li><li data-start=\"1343\" data-end=\"1401\"><p data-start=\"1345\" data-end=\"1401\">Gestionar els serveis contractats i l\u2019atenci\u00f3 al client.<\/p><\/li><\/ul><p data-start=\"1403\" data-end=\"1625\">Les dades es conservaran durant el temps necessari per complir amb la finalitat per la qual es van recollir i per determinar les possibles responsabilitats que se\u2019n puguin derivar, a m\u00e9s dels terminis legalment establerts.<\/p>\t\t\t\t\t\t\t\t<\/div>\n\t\t\t\t<\/div>\n\t\t\t\t<div class=\"elementor-element elementor-element-013d61f elementor-widget elementor-widget-text-editor\" data-id=\"013d61f\" data-element_type=\"widget\" data-e-type=\"widget\" data-widget_type=\"text-editor.default\">\n\t\t\t\t<div class=\"elementor-widget-container\">\n\t\t\t\t\t\t\t\t\t<h5>3. Legitimaci\u00f3 per al tractament<\/h5><p>La base legal per al tractament de les dades \u00e9s el consentiment expr\u00e9s de l\u2019usuari, que podr\u00e0 retirar en qualsevol moment, aix\u00ed com l\u2019execuci\u00f3 d\u2019un contracte o precontracte, i el compliment de les obligacions legals aplicables.<\/p>\t\t\t\t\t\t\t\t<\/div>\n\t\t\t\t<\/div>\n\t\t\t\t<div class=\"elementor-element elementor-element-f07a9ac elementor-widget elementor-widget-text-editor\" data-id=\"f07a9ac\" data-element_type=\"widget\" data-e-type=\"widget\" data-widget_type=\"text-editor.default\">\n\t\t\t\t<div class=\"elementor-widget-container\">\n\t\t\t\t\t\t\t\t\t<h5>4. Destinataris de les dades<\/h5><p data-start=\"1940\" data-end=\"2085\">Les dades no es comunicaran a tercers, excepte per obligaci\u00f3 legal o quan sigui estrictament necessari per a la prestaci\u00f3 del servei sol\u00b7licitat.<\/p><p data-start=\"2087\" data-end=\"2141\">No es preveuen transfer\u00e8ncies internacionals de dades.<\/p>\t\t\t\t\t\t\t\t<\/div>\n\t\t\t\t<\/div>\n\t\t\t\t<div class=\"elementor-element elementor-element-ec796a9 elementor-widget elementor-widget-text-editor\" data-id=\"ec796a9\" data-element_type=\"widget\" data-e-type=\"widget\" data-widget_type=\"text-editor.default\">\n\t\t\t\t<div class=\"elementor-widget-container\">\n\t\t\t\t\t\t\t\t\t<h5>5. Drets dels usuaris<\/h5><p data-start=\"2176\" data-end=\"2314\">Qualsevol persona t\u00e9 dret a obtenir confirmaci\u00f3 sobre si a Lainez Instal\u00b7lacions estem tractant dades personals que la concerneixin, o no.<\/p><p data-start=\"2316\" data-end=\"2341\">Els usuaris tenen dret a:<\/p><ul data-start=\"2343\" data-end=\"2637\"><li data-start=\"2343\" data-end=\"2381\"><p data-start=\"2345\" data-end=\"2381\">Accedir a les seves dades personals.<\/p><\/li><li data-start=\"2382\" data-end=\"2479\"><p data-start=\"2384\" data-end=\"2479\">Sol\u00b7licitar-ne la rectificaci\u00f3 de les dades inexactes o, si escau, sol\u00b7licitar-ne la supressi\u00f3.<\/p><\/li><li data-start=\"2480\" data-end=\"2541\"><p data-start=\"2482\" data-end=\"2541\">Sol\u00b7licitar la limitaci\u00f3 del tractament de les seves dades.<\/p><\/li><li data-start=\"2542\" data-end=\"2587\"><p data-start=\"2544\" data-end=\"2587\">Oposar-se al tractament de les seves dades.<\/p><\/li><li data-start=\"2588\" data-end=\"2637\"><p data-start=\"2590\" data-end=\"2637\">Sol\u00b7licitar la portabilitat de les seves dades.<\/p><\/li><\/ul><p data-start=\"2639\" data-end=\"2845\">Per exercir aquests drets, l\u2019usuari pot enviar una comunicaci\u00f3 per escrit al domicili indicat o un correu electr\u00f2nic a <a class=\"cursor-pointer\" rel=\"noopener\" data-start=\"2758\" data-end=\"2772\">info@ilainez.com<\/a>, acompanyat d\u2019una c\u00f2pia del seu DNI o document identificatiu equivalent.<\/p><p data-start=\"2847\" data-end=\"3081\">A m\u00e9s, si considera que el tractament de les seves dades personals vulnera la normativa de protecci\u00f3 de dades, pot presentar una reclamaci\u00f3 davant l\u2019Autoritat Catalana de Protecci\u00f3 de Dades o l\u2019Ag\u00e8ncia Espanyola de Protecci\u00f3 de Dades.<\/p>\t\t\t\t\t\t\t\t<\/div>\n\t\t\t\t<\/div>\n\t\t\t\t<div class=\"elementor-element elementor-element-11534a7 elementor-widget elementor-widget-text-editor\" data-id=\"11534a7\" data-element_type=\"widget\" data-e-type=\"widget\" data-widget_type=\"text-editor.default\">\n\t\t\t\t<div class=\"elementor-widget-container\">\n\t\t\t\t\t\t\t\t\t<h5>6. Mesures de seguretat<\/h5><p data-start=\"2157\" data-end=\"2454\">Lainez Instal\u00b7lacions adopta les mesures t\u00e8cniques i organitzatives necess\u00e0ries per garantir la seguretat de les dades de car\u00e0cter personal i evitar-ne l\u2019alteraci\u00f3, la p\u00e8rdua, el tractament o l\u2019acc\u00e9s no autoritzat, tenint en compte l\u2019estat de la tecnologia, la naturalesa de les dades emmagatzemades i els riscos als quals estan exposades.<\/p>\t\t\t\t\t\t\t\t<\/div>\n\t\t\t\t<\/div>\n\t\t\t\t\t<\/div>\n\t\t<\/div>\n\t\t\t\t\t<\/div>\n\t\t<\/section>\n\t\t\t\t<\/div>\n\t\t","protected":false},"excerpt":{"rendered":"<p>Inicio Pol\u00edtica de Privacidad Pol\u00edtica de Privacidad En cumplimiento del que establece el Reglamento (UE) 2016\/679 del Parlamento Europeo y del Consejo, de 27 de abril de 2016, relativo a la protecci\u00f3n de las personas f\u00edsicas en cuanto al tratamiento de datos personales y a la libre circulaci\u00f3n de estos datos (RGPD), as\u00ed como la [&hellip;]<\/p>\n","protected":false},"author":1,"featured_media":0,"parent":0,"menu_order":0,"comment_status":"closed","ping_status":"closed","template":"elementor_header_footer","meta":{"footnotes":""},"class_list":["post-6766","page","type-page","status-publish","hentry"],"yoast_head":"<!-- This site is optimized with the Yoast SEO plugin v26.9 - https:\/\/yoast.com\/product\/yoast-seo-wordpress\/ -->\n<title>Pol\u00edtica de Privacidad - Lainez<\/title>\n<meta name=\"robots\" content=\"index, follow, max-snippet:-1, max-image-preview:large, max-video-preview:-1\" \/>\n<link rel=\"canonical\" href=\"https:\/\/ilainez.com\/politica-de-privacitat\/\" \/>\n<meta property=\"og:locale\" content=\"es_ES\" \/>\n<meta property=\"og:type\" content=\"article\" \/>\n<meta property=\"og:title\" content=\"Pol\u00edtica de Privacidad - Lainez\" \/>\n<meta property=\"og:description\" content=\"Inicio Pol\u00edtica de Privacidad Pol\u00edtica de Privacidad En cumplimiento del que establece el Reglamento (UE) 2016\/679 del Parlamento Europeo y del Consejo, de 27 de abril de 2016, relativo a la protecci\u00f3n de las personas f\u00edsicas en cuanto al tratamiento de datos personales y a la libre circulaci\u00f3n de estos datos (RGPD), as\u00ed como la [&hellip;]\" \/>\n<meta property=\"og:url\" content=\"https:\/\/ilainez.com\/politica-de-privacitat\/\" \/>\n<meta property=\"og:site_name\" content=\"Lainez\" \/>\n<meta name=\"twitter:card\" content=\"summary_large_image\" \/>\n<meta name=\"twitter:label1\" content=\"Tiempo de lectura\" \/>\n\t<meta name=\"twitter:data1\" content=\"3 minutos\" \/>\n<script type=\"application\/ld+json\" class=\"yoast-schema-graph\">{\"@context\":\"https:\/\/schema.org\",\"@graph\":[{\"@type\":\"WebPage\",\"@id\":\"https:\/\/ilainez.com\/politica-de-privacitat\/\",\"url\":\"https:\/\/ilainez.com\/politica-de-privacitat\/\",\"name\":\"Pol\u00edtica de Privacidad - Lainez\",\"isPartOf\":{\"@id\":\"https:\/\/ilainez.com\/#website\"},\"datePublished\":\"2025-06-13T10:43:25+00:00\",\"breadcrumb\":{\"@id\":\"https:\/\/ilainez.com\/politica-de-privacitat\/#breadcrumb\"},\"inLanguage\":\"es\",\"potentialAction\":[{\"@type\":\"ReadAction\",\"target\":[\"https:\/\/ilainez.com\/politica-de-privacitat\/\"]}]},{\"@type\":\"BreadcrumbList\",\"@id\":\"https:\/\/ilainez.com\/politica-de-privacitat\/#breadcrumb\",\"itemListElement\":[{\"@type\":\"ListItem\",\"position\":1,\"name\":\"Inici\",\"item\":\"https:\/\/ilainez.com\/es\/\"},{\"@type\":\"ListItem\",\"position\":2,\"name\":\"Pol\u00edtica de Privacidad\"}]},{\"@type\":\"WebSite\",\"@id\":\"https:\/\/ilainez.com\/#website\",\"url\":\"https:\/\/ilainez.com\/\",\"name\":\"Lainez\",\"description\":\"\",\"potentialAction\":[{\"@type\":\"SearchAction\",\"target\":{\"@type\":\"EntryPoint\",\"urlTemplate\":\"https:\/\/ilainez.com\/?s={search_term_string}\"},\"query-input\":{\"@type\":\"PropertyValueSpecification\",\"valueRequired\":true,\"valueName\":\"search_term_string\"}}],\"inLanguage\":\"es\"}]}<\/script>\n<!-- \/ Yoast SEO plugin. -->","yoast_head_json":{"title":"Pol\u00edtica de Privacidad - Lainez","robots":{"index":"index","follow":"follow","max-snippet":"max-snippet:-1","max-image-preview":"max-image-preview:large","max-video-preview":"max-video-preview:-1"},"canonical":"https:\/\/ilainez.com\/politica-de-privacitat\/","og_locale":"es_ES","og_type":"article","og_title":"Pol\u00edtica de Privacidad - Lainez","og_description":"Inicio Pol\u00edtica de Privacidad Pol\u00edtica de Privacidad En cumplimiento del que establece el Reglamento (UE) 2016\/679 del Parlamento Europeo y del Consejo, de 27 de abril de 2016, relativo a la protecci\u00f3n de las personas f\u00edsicas en cuanto al tratamiento de datos personales y a la libre circulaci\u00f3n de estos datos (RGPD), as\u00ed como la [&hellip;]","og_url":"https:\/\/ilainez.com\/politica-de-privacitat\/","og_site_name":"Lainez","twitter_card":"summary_large_image","twitter_misc":{"Tiempo de lectura":"3 minutos"},"schema":{"@context":"https:\/\/schema.org","@graph":[{"@type":"WebPage","@id":"https:\/\/ilainez.com\/politica-de-privacitat\/","url":"https:\/\/ilainez.com\/politica-de-privacitat\/","name":"Pol\u00edtica de Privacidad - Lainez","isPartOf":{"@id":"https:\/\/ilainez.com\/#website"},"datePublished":"2025-06-13T10:43:25+00:00","breadcrumb":{"@id":"https:\/\/ilainez.com\/politica-de-privacitat\/#breadcrumb"},"inLanguage":"es","potentialAction":[{"@type":"ReadAction","target":["https:\/\/ilainez.com\/politica-de-privacitat\/"]}]},{"@type":"BreadcrumbList","@id":"https:\/\/ilainez.com\/politica-de-privacitat\/#breadcrumb","itemListElement":[{"@type":"ListItem","position":1,"name":"Inici","item":"https:\/\/ilainez.com\/es\/"},{"@type":"ListItem","position":2,"name":"Pol\u00edtica de Privacidad"}]},{"@type":"WebSite","@id":"https:\/\/ilainez.com\/#website","url":"https:\/\/ilainez.com\/","name":"Lainez","description":"","potentialAction":[{"@type":"SearchAction","target":{"@type":"EntryPoint","urlTemplate":"https:\/\/ilainez.com\/?s={search_term_string}"},"query-input":{"@type":"PropertyValueSpecification","valueRequired":true,"valueName":"search_term_string"}}],"inLanguage":"es"}]}},"_links":{"self":[{"href":"https:\/\/ilainez.com\/es\/wp-json\/wp\/v2\/pages\/6766","targetHints":{"allow":["GET"]}}],"collection":[{"href":"https:\/\/ilainez.com\/es\/wp-json\/wp\/v2\/pages"}],"about":[{"href":"https:\/\/ilainez.com\/es\/wp-json\/wp\/v2\/types\/page"}],"author":[{"embeddable":true,"href":"https:\/\/ilainez.com\/es\/wp-json\/wp\/v2\/users\/1"}],"replies":[{"embeddable":true,"href":"https:\/\/ilainez.com\/es\/wp-json\/wp\/v2\/comments?post=6766"}],"version-history":[{"count":0,"href":"https:\/\/ilainez.com\/es\/wp-json\/wp\/v2\/pages\/6766\/revisions"}],"wp:attachment":[{"href":"https:\/\/ilainez.com\/es\/wp-json\/wp\/v2\/media?parent=6766"}],"curies":[{"name":"wp","href":"https:\/\/api.w.org\/{rel}","templated":true}]}}