{"id":6763,"date":"2025-06-13T10:37:20","date_gmt":"2025-06-13T10:37:20","guid":{"rendered":"https:\/\/ilainez.com\/politica-de-cookies\/"},"modified":"2025-06-13T10:37:20","modified_gmt":"2025-06-13T10:37:20","slug":"politica-de-cookies","status":"publish","type":"page","link":"https:\/\/ilainez.com\/es\/politica-de-cookies\/","title":{"rendered":"Pol\u00edtica de Cookies"},"content":{"rendered":"<style>.elementor-6763 .elementor-element.elementor-element-7560a27f > .elementor-container{max-width:1240px;}.elementor-6763 .elementor-element.elementor-element-7560a27f:not(.elementor-motion-effects-element-type-background), .elementor-6763 .elementor-element.elementor-element-7560a27f > .elementor-motion-effects-container > .elementor-motion-effects-layer{background-color:var( --e-global-color-6cdf674 );}.elementor-6763 .elementor-element.elementor-element-7560a27f > .elementor-background-overlay{background-image:url(\"https:\/\/ilainez.com\/wp-content\/uploads\/2025\/06\/top-section-bg4.png\");background-position:center center;background-repeat:no-repeat;background-size:cover;opacity:0.5;mix-blend-mode:multiply;transition:background 0.3s, border-radius 0.3s, opacity 0.3s;}.elementor-6763 .elementor-element.elementor-element-7560a27f{border-style:none;transition:background 0.3s, border 0.3s, border-radius 0.3s, box-shadow 0.3s;padding:180px 0px 100px 0px;}.elementor-6763 .elementor-element.elementor-element-32e322a5 > .elementor-element-populated{margin:0px 0px 0px 0px;--e-column-margin-right:0px;--e-column-margin-left:0px;}.elementor-6763 .elementor-element.elementor-element-29fa82b5 .elementor-icon-list-items:not(.elementor-inline-items) .elementor-icon-list-item:not(:last-child){padding-block-end:calc(10px\/2);}.elementor-6763 .elementor-element.elementor-element-29fa82b5 .elementor-icon-list-items:not(.elementor-inline-items) .elementor-icon-list-item:not(:first-child){margin-block-start:calc(10px\/2);}.elementor-6763 .elementor-element.elementor-element-29fa82b5 .elementor-icon-list-items.elementor-inline-items .elementor-icon-list-item{margin-inline:calc(10px\/2);}.elementor-6763 .elementor-element.elementor-element-29fa82b5 .elementor-icon-list-items.elementor-inline-items{margin-inline:calc(-10px\/2);}.elementor-6763 .elementor-element.elementor-element-29fa82b5 .elementor-icon-list-items.elementor-inline-items .elementor-icon-list-item:after{inset-inline-end:calc(-10px\/2);}.elementor-6763 .elementor-element.elementor-element-29fa82b5 .elementor-icon-list-icon i{color:var( --e-global-color-b5d4e2e );transition:color 0.3s;}.elementor-6763 .elementor-element.elementor-element-29fa82b5 .elementor-icon-list-icon svg{fill:var( --e-global-color-b5d4e2e );transition:fill 0.3s;}.elementor-6763 .elementor-element.elementor-element-29fa82b5{--e-icon-list-icon-size:14px;--icon-vertical-offset:0px;width:auto;max-width:auto;}.elementor-6763 .elementor-element.elementor-element-29fa82b5 .elementor-icon-list-icon{padding-inline-end:2px;}.elementor-6763 .elementor-element.elementor-element-29fa82b5 .elementor-icon-list-item > .elementor-icon-list-text, .elementor-6763 .elementor-element.elementor-element-29fa82b5 .elementor-icon-list-item > a{font-family:var( --e-global-typography-01dd835-font-family ), Sans-serif;font-size:var( --e-global-typography-01dd835-font-size );font-weight:var( --e-global-typography-01dd835-font-weight );line-height:var( --e-global-typography-01dd835-line-height );letter-spacing:var( --e-global-typography-01dd835-letter-spacing );word-spacing:var( --e-global-typography-01dd835-word-spacing );}.elementor-6763 .elementor-element.elementor-element-29fa82b5 .elementor-icon-list-text{color:var( --e-global-color-primary );transition:color 0.3s;}.elementor-6763 .elementor-element.elementor-element-29fa82b5 > .elementor-widget-container{padding:10px 24px 10px 24px;background-color:#2C4CD300;border-style:solid;border-width:1px 1px 1px 1px;border-color:#00000012;border-radius:100px 100px 100px 100px;}.elementor-6763 .elementor-element.elementor-element-78f72765 .elementor-heading-title{font-family:var( --e-global-typography-138675c-font-family ), Sans-serif;font-size:var( --e-global-typography-138675c-font-size );font-weight:var( --e-global-typography-138675c-font-weight );line-height:var( --e-global-typography-138675c-line-height );letter-spacing:var( --e-global-typography-138675c-letter-spacing );word-spacing:var( --e-global-typography-138675c-word-spacing );color:var( --e-global-color-primary );}.elementor-6763 .elementor-element.elementor-element-78f72765 > .elementor-widget-container{margin:20px 0px 0px 0px;}.elementor-bc-flex-widget .elementor-6763 .elementor-element.elementor-element-687f14d1.elementor-column .elementor-widget-wrap{align-items:flex-end;}.elementor-6763 .elementor-element.elementor-element-687f14d1.elementor-column.elementor-element[data-element_type=\"column\"] > .elementor-widget-wrap.elementor-element-populated{align-content:flex-end;align-items:flex-end;}.elementor-6763 .elementor-element.elementor-element-687f14d1 > .elementor-element-populated{margin:0px 0px 0px 60px;--e-column-margin-right:0px;--e-column-margin-left:60px;}.elementor-6763 .elementor-element.elementor-element-16fa8eff{--spacer-size:170px;}.elementor-6763 .elementor-element.elementor-element-16fa8eff > .elementor-widget-container{background-image:url(\"https:\/\/ilainez.com\/wp-content\/uploads\/2025\/06\/young-repairman-of-maintenance-service-shaking-hand-of-housewife-after-work.jpg\");background-position:0px 0px;background-size:cover;border-radius:150px 150px 150px 150px;}.elementor-6763 .elementor-element.elementor-element-2fa89a0f > .elementor-container{max-width:1240px;}.elementor-6763 .elementor-element.elementor-element-2fa89a0f{padding:120px 0px 80px 0px;}@media(max-width:1024px) and (min-width:768px){.elementor-6763 .elementor-element.elementor-element-32e322a5{width:100%;}.elementor-6763 .elementor-element.elementor-element-687f14d1{width:100%;}}@media(max-width:1024px){.elementor-6763 .elementor-element.elementor-element-7560a27f{padding:180px 20px 100px 20px;}.elementor-6763 .elementor-element.elementor-element-32e322a5 > .elementor-element-populated{margin:0px 0px 30px 0px;--e-column-margin-right:0px;--e-column-margin-left:0px;}.elementor-6763 .elementor-element.elementor-element-29fa82b5 .elementor-icon-list-item > .elementor-icon-list-text, .elementor-6763 .elementor-element.elementor-element-29fa82b5 .elementor-icon-list-item > a{font-size:var( --e-global-typography-01dd835-font-size );line-height:var( --e-global-typography-01dd835-line-height );letter-spacing:var( --e-global-typography-01dd835-letter-spacing );word-spacing:var( --e-global-typography-01dd835-word-spacing );}.elementor-6763 .elementor-element.elementor-element-78f72765 .elementor-heading-title{font-size:var( --e-global-typography-138675c-font-size );line-height:var( --e-global-typography-138675c-line-height );letter-spacing:var( --e-global-typography-138675c-letter-spacing );word-spacing:var( --e-global-typography-138675c-word-spacing );}.elementor-6763 .elementor-element.elementor-element-687f14d1 > .elementor-element-populated{margin:0px 0px 0px 0px;--e-column-margin-right:0px;--e-column-margin-left:0px;}.elementor-6763 .elementor-element.elementor-element-16fa8eff > .elementor-widget-container{background-position:0px -23px;}.elementor-6763 .elementor-element.elementor-element-2fa89a0f{padding:80px 20px 60px 20px;}}@media(max-width:767px){.elementor-6763 .elementor-element.elementor-element-7560a27f{padding:150px 10px 60px 10px;}.elementor-6763 .elementor-element.elementor-element-29fa82b5 .elementor-icon-list-item > .elementor-icon-list-text, .elementor-6763 .elementor-element.elementor-element-29fa82b5 .elementor-icon-list-item > a{font-size:var( --e-global-typography-01dd835-font-size );line-height:var( --e-global-typography-01dd835-line-height );letter-spacing:var( --e-global-typography-01dd835-letter-spacing );word-spacing:var( --e-global-typography-01dd835-word-spacing );}.elementor-6763 .elementor-element.elementor-element-78f72765 .elementor-heading-title{font-size:var( --e-global-typography-138675c-font-size );line-height:var( --e-global-typography-138675c-line-height );letter-spacing:var( --e-global-typography-138675c-letter-spacing );word-spacing:var( --e-global-typography-138675c-word-spacing );}.elementor-6763 .elementor-element.elementor-element-16fa8eff{--spacer-size:120px;}.elementor-6763 .elementor-element.elementor-element-16fa8eff > .elementor-widget-container{background-position:0px 0px;}.elementor-6763 .elementor-element.elementor-element-2fa89a0f{padding:80px 10px 60px 10px;}}<\/style>\t\t<div data-elementor-type=\"wp-page\" data-elementor-id=\"6763\" class=\"elementor elementor-6763\" data-elementor-post-type=\"page\">\n\t\t\t\t\t\t<section class=\"elementor-section elementor-top-section elementor-element elementor-element-7560a27f elementor-section-boxed elementor-section-height-default elementor-section-height-default\" data-id=\"7560a27f\" data-element_type=\"section\" data-e-type=\"section\" data-settings=\"{&quot;background_background&quot;:&quot;classic&quot;}\">\n\t\t\t\t\t\t\t<div class=\"elementor-background-overlay\"><\/div>\n\t\t\t\t\t\t\t<div class=\"elementor-container elementor-column-gap-no\">\n\t\t\t\t\t<div class=\"elementor-column elementor-col-50 elementor-top-column elementor-element elementor-element-32e322a5\" data-id=\"32e322a5\" data-element_type=\"column\" data-e-type=\"column\">\n\t\t\t<div class=\"elementor-widget-wrap elementor-element-populated\">\n\t\t\t\t\t\t<div class=\"elementor-element elementor-element-29fa82b5 elementor-icon-list--layout-inline elementor-widget__width-auto elementor-list-item-link-full_width elementor-widget elementor-widget-icon-list\" data-id=\"29fa82b5\" data-element_type=\"widget\" data-e-type=\"widget\" data-widget_type=\"icon-list.default\">\n\t\t\t\t<div class=\"elementor-widget-container\">\n\t\t\t\t\t\t\t<ul class=\"elementor-icon-list-items elementor-inline-items\">\n\t\t\t\t\t\t\t<li class=\"elementor-icon-list-item elementor-inline-item\">\n\t\t\t\t\t\t\t\t\t\t\t<a href=\"https:\/\/ilainez.com\/\">\n\n\t\t\t\t\t\t\t\t\t\t\t<span class=\"elementor-icon-list-text\">Inici<\/span>\n\t\t\t\t\t\t\t\t\t\t\t<\/a>\n\t\t\t\t\t\t\t\t\t<\/li>\n\t\t\t\t\t\t\t\t<li class=\"elementor-icon-list-item elementor-inline-item\">\n\t\t\t\t\t\t\t\t\t\t\t<a href=\"https:\/\/ilainez.com\/politica-de-cookies\/\">\n\n\t\t\t\t\t\t\t\t\t\t\t\t<span class=\"elementor-icon-list-icon\">\n\t\t\t\t\t\t\t<svg aria-hidden=\"true\" class=\"e-font-icon-svg e-fas-chevron-circle-right\" viewBox=\"0 0 512 512\" xmlns=\"http:\/\/www.w3.org\/2000\/svg\"><path d=\"M256 8c137 0 248 111 248 248S393 504 256 504 8 393 8 256 119 8 256 8zm113.9 231L234.4 103.5c-9.4-9.4-24.6-9.4-33.9 0l-17 17c-9.4 9.4-9.4 24.6 0 33.9L285.1 256 183.5 357.6c-9.4 9.4-9.4 24.6 0 33.9l17 17c9.4 9.4 24.6 9.4 33.9 0L369.9 273c9.4-9.4 9.4-24.6 0-34z\"><\/path><\/svg>\t\t\t\t\t\t<\/span>\n\t\t\t\t\t\t\t\t\t\t<span class=\"elementor-icon-list-text\">Pol\u00edtica de Cookies<\/span>\n\t\t\t\t\t\t\t\t\t\t\t<\/a>\n\t\t\t\t\t\t\t\t\t<\/li>\n\t\t\t\t\t\t<\/ul>\n\t\t\t\t\t\t<\/div>\n\t\t\t\t<\/div>\n\t\t\t\t<div class=\"elementor-element elementor-element-78f72765 elementor-widget elementor-widget-heading\" data-id=\"78f72765\" data-element_type=\"widget\" data-e-type=\"widget\" data-widget_type=\"heading.default\">\n\t\t\t\t<div class=\"elementor-widget-container\">\n\t\t\t\t\t<h2 class=\"elementor-heading-title elementor-size-default\">Pol\u00edtica de Cookies<\/h2>\t\t\t\t<\/div>\n\t\t\t\t<\/div>\n\t\t\t\t\t<\/div>\n\t\t<\/div>\n\t\t\t\t<div class=\"elementor-column elementor-col-50 elementor-top-column elementor-element elementor-element-687f14d1\" data-id=\"687f14d1\" data-element_type=\"column\" data-e-type=\"column\">\n\t\t\t<div class=\"elementor-widget-wrap elementor-element-populated\">\n\t\t\t\t\t\t<div class=\"elementor-element elementor-element-16fa8eff elementor-widget elementor-widget-spacer\" data-id=\"16fa8eff\" data-element_type=\"widget\" data-e-type=\"widget\" data-widget_type=\"spacer.default\">\n\t\t\t\t<div class=\"elementor-widget-container\">\n\t\t\t\t\t\t\t<div class=\"elementor-spacer\">\n\t\t\t<div class=\"elementor-spacer-inner\"><\/div>\n\t\t<\/div>\n\t\t\t\t\t\t<\/div>\n\t\t\t\t<\/div>\n\t\t\t\t\t<\/div>\n\t\t<\/div>\n\t\t\t\t\t<\/div>\n\t\t<\/section>\n\t\t\t\t<section class=\"elementor-section elementor-top-section elementor-element elementor-element-2fa89a0f elementor-section-boxed elementor-section-height-default elementor-section-height-default\" data-id=\"2fa89a0f\" data-element_type=\"section\" data-e-type=\"section\">\n\t\t\t\t\t\t<div class=\"elementor-container elementor-column-gap-no\">\n\t\t\t\t\t<div class=\"elementor-column elementor-col-100 elementor-top-column elementor-element elementor-element-591937cf\" data-id=\"591937cf\" data-element_type=\"column\" data-e-type=\"column\">\n\t\t\t<div class=\"elementor-widget-wrap elementor-element-populated\">\n\t\t\t\t\t\t<div class=\"elementor-element elementor-element-0ca6adf elementor-widget elementor-widget-text-editor\" data-id=\"0ca6adf\" data-element_type=\"widget\" data-e-type=\"widget\" data-widget_type=\"text-editor.default\">\n\t\t\t\t<div class=\"elementor-widget-container\">\n\t\t\t\t\t\t\t\t\t<p>En compliment del que disposa l\u2019article 22.2 de la Llei 34\/2002, d\u201911 de juliol, de serveis de la societat de la informaci\u00f3 i de comer\u00e7 electr\u00f2nic (LSSI-CE), s\u2019informa als usuaris sobre la utilitzaci\u00f3 de cookies al lloc web <a class=\"\" href=\"https:\/\/ilainez.com\/\" target=\"_new\" rel=\"noopener\" data-start=\"389\" data-end=\"441\">https:\/\/ilainez.com\/<\/a>.<\/p>\t\t\t\t\t\t\t\t<\/div>\n\t\t\t\t<\/div>\n\t\t\t\t<div class=\"elementor-element elementor-element-75a8979 elementor-widget elementor-widget-text-editor\" data-id=\"75a8979\" data-element_type=\"widget\" data-e-type=\"widget\" data-widget_type=\"text-editor.default\">\n\t\t\t\t<div class=\"elementor-widget-container\">\n\t\t\t\t\t\t\t\t\t<h5>1. Qu\u00e8 s\u00f3n les cookies?<\/h5><p data-start=\"434\" data-end=\"585\">Les cookies s\u00f3n fitxers petits que es descarreguen i s\u2019emmagatzemen al dispositiu de l\u2019usuari (ordinador, smartphone, tauleta, etc.) quan accedeix a determinades p\u00e0gines web. Les cookies permeten a una p\u00e0gina web, entre altres coses, emmagatzemar i recuperar informaci\u00f3 sobre els h\u00e0bits de navegaci\u00f3 d\u2019un usuari o del seu equip i, segons la informaci\u00f3 que continguin i la manera com utilitzi el dispositiu, es poden utilitzar per recon\u00e8ixer l&#8217;usuari.<\/p>\t\t\t\t\t\t\t\t<\/div>\n\t\t\t\t<\/div>\n\t\t\t\t<div class=\"elementor-element elementor-element-58cd05a elementor-widget elementor-widget-text-editor\" data-id=\"58cd05a\" data-element_type=\"widget\" data-e-type=\"widget\" data-widget_type=\"text-editor.default\">\n\t\t\t\t<div class=\"elementor-widget-container\">\n\t\t\t\t\t\t\t\t\t<h5>2. Tipus de cookies utilitzades<\/h5><p data-start=\"964\" data-end=\"1024\">Aquest lloc web utilitza les seg\u00fcents categories de cookies:<\/p><ul data-start=\"1026\" data-end=\"1815\"><li data-start=\"1026\" data-end=\"1220\"><p data-start=\"1028\" data-end=\"1220\"><strong>Cookies t\u00e8cniques:<\/strong><br data-start=\"1050\" data-end=\"1053\" \/>S\u00f3n aquelles imprescindibles per al correcte funcionament de la p\u00e0gina web, permetent la navegaci\u00f3 per aquesta i la utilitzaci\u00f3 de les seves funcionalitats b\u00e0siques.<\/p><\/li><li data-start=\"1222\" data-end=\"1533\"><p data-start=\"1224\" data-end=\"1533\"><strong>Cookies d\u2019an\u00e0lisi:<\/strong><br data-start=\"1246\" data-end=\"1249\" \/>S\u00f3n aquelles que permeten quantificar el nombre d\u2019usuaris i aix\u00ed realitzar la mesura i an\u00e0lisi estad\u00edstica de la utilitzaci\u00f3 que fan els usuaris del servei ofert. Per aix\u00f2 s\u2019analitza la navegaci\u00f3 en el nostre lloc web amb la finalitat de millorar-ne el contingut i la funcionalitat.<\/p><\/li><li data-start=\"1535\" data-end=\"1815\"><p data-start=\"1537\" data-end=\"1815\"><strong>Cookies de personalitzaci\u00f3 (si n\u2019hi ha):<\/strong><br data-start=\"1581\" data-end=\"1584\" \/>Permeten accedir al servei amb algunes caracter\u00edstiques de car\u00e0cter general predefinides en funci\u00f3 d\u2019una s\u00e8rie de criteris en el terminal de l\u2019usuari (per exemple, l\u2019idioma, el tipus de navegador, la configuraci\u00f3 regional, etc.).<\/p><\/li><\/ul>\t\t\t\t\t\t\t\t<\/div>\n\t\t\t\t<\/div>\n\t\t\t\t<div class=\"elementor-element elementor-element-013d61f elementor-widget elementor-widget-text-editor\" data-id=\"013d61f\" data-element_type=\"widget\" data-e-type=\"widget\" data-widget_type=\"text-editor.default\">\n\t\t\t\t<div class=\"elementor-widget-container\">\n\t\t\t\t\t\t\t\t\t<h5>3. Gesti\u00f3 de Cookies<\/h5><p data-start=\"1844\" data-end=\"2100\">L\u2019usuari pot permetre, bloquejar o eliminar les cookies instal\u00b7lades al seu dispositiu mitjan\u00e7ant la configuraci\u00f3 de les opcions del navegador que utilitzi. A continuaci\u00f3, s\u2019indiquen els enlla\u00e7os per accedir a la configuraci\u00f3 dels navegadors m\u00e9s habituals:<\/p><ul data-start=\"2102\" data-end=\"2478\"><li data-start=\"2102\" data-end=\"2173\"><p data-start=\"2104\" data-end=\"2173\"><a href=\"https:\/\/support.google.com\/chrome\/answer\/95647?hl=ca\">Google Chrome<\/a><\/p><\/li><li data-start=\"2174\" data-end=\"2264\"><p data-start=\"2176\" data-end=\"2264\"><a class=\"\" href=\"https:\/\/support.mozilla.org\/ca\/kb\/activacio-i-desactivacio-de-cookies\" target=\"_new\" rel=\"noopener\" data-start=\"2176\" data-end=\"2264\">Mozilla Firefox<\/a><\/p><\/li><li data-start=\"2265\" data-end=\"2407\"><p data-start=\"2267\" data-end=\"2407\"><a class=\"\" href=\"https:\/\/support.microsoft.com\/ca-es\/microsoft-edge\/eliminar-cookies-al-microsoft-edge-63947406-40ac-c3b8-57b9-2a946a29ae09\" target=\"_new\" rel=\"noopener\" data-start=\"2267\" data-end=\"2407\">Microsoft Edge<\/a><\/p><\/li><li data-start=\"2408\" data-end=\"2478\"><p data-start=\"2410\" data-end=\"2478\"><a class=\"\" href=\"https:\/\/support.apple.com\/ca-es\/guide\/safari\/sfri11471\/mac\" target=\"_new\" rel=\"noopener\" data-start=\"2410\" data-end=\"2478\">Safari<\/a><\/p><\/li><\/ul><p data-start=\"2480\" data-end=\"2563\">La desactivaci\u00f3 de cookies pot afectar la funcionalitat i la qualitat del lloc web.<\/p>\t\t\t\t\t\t\t\t<\/div>\n\t\t\t\t<\/div>\n\t\t\t\t<div class=\"elementor-element elementor-element-f07a9ac elementor-widget elementor-widget-text-editor\" data-id=\"f07a9ac\" data-element_type=\"widget\" data-e-type=\"widget\" data-widget_type=\"text-editor.default\">\n\t\t\t\t<div class=\"elementor-widget-container\">\n\t\t\t\t\t\t\t\t\t<h5>4. Modificacions de la pol\u00edtica de cookies\u00a0<\/h5><p data-start=\"2614\" data-end=\"2934\">La present pol\u00edtica de cookies pot ser modificada quan aix\u00ed ho exigeixi la legislaci\u00f3 vigent o quan hi hagi canvis en el tipus de cookies utilitzades al lloc web. Es recomana a l\u2019usuari revisar aquesta pol\u00edtica cada cop que accedeixi a la web per estar informat adequadament sobre com i per a qu\u00e8 fem servir les cookies.<\/p>\t\t\t\t\t\t\t\t<\/div>\n\t\t\t\t<\/div>\n\t\t\t\t\t<\/div>\n\t\t<\/div>\n\t\t\t\t\t<\/div>\n\t\t<\/section>\n\t\t\t\t<\/div>\n\t\t","protected":false},"excerpt":{"rendered":"<p>Inicio Pol\u00edtica de Cookies Pol\u00edtica de Cookies En cumplimiento del que dispone el art\u00edculo 22.2 de la Ley 34\/2002, de 11 de julio, de servicios de la sociedad de la informaci\u00f3n y de e-commerce (LSSI-CE), se informa a los usuarios sobre la utilizaci\u00f3n de cookies al sitio web https:\/\/ilainez.com\/. 1. \u00bfQu\u00e9 son las cookies? Las [&hellip;]<\/p>\n","protected":false},"author":1,"featured_media":0,"parent":0,"menu_order":0,"comment_status":"closed","ping_status":"closed","template":"elementor_header_footer","meta":{"footnotes":""},"class_list":["post-6763","page","type-page","status-publish","hentry"],"yoast_head":"<!-- This site is optimized with the Yoast SEO plugin v26.9 - https:\/\/yoast.com\/product\/yoast-seo-wordpress\/ -->\n<title>Pol\u00edtica de Cookies - Lainez<\/title>\n<meta name=\"robots\" content=\"index, follow, max-snippet:-1, max-image-preview:large, max-video-preview:-1\" \/>\n<link rel=\"canonical\" href=\"https:\/\/ilainez.com\/politica-de-cookies\/\" \/>\n<meta property=\"og:locale\" content=\"es_ES\" \/>\n<meta property=\"og:type\" content=\"article\" \/>\n<meta property=\"og:title\" content=\"Pol\u00edtica de Cookies - Lainez\" \/>\n<meta property=\"og:description\" content=\"Inicio Pol\u00edtica de Cookies Pol\u00edtica de Cookies En cumplimiento del que dispone el art\u00edculo 22.2 de la Ley 34\/2002, de 11 de julio, de servicios de la sociedad de la informaci\u00f3n y de e-commerce (LSSI-CE), se informa a los usuarios sobre la utilizaci\u00f3n de cookies al sitio web https:\/\/ilainez.com\/. 1. \u00bfQu\u00e9 son las cookies? Las [&hellip;]\" \/>\n<meta property=\"og:url\" content=\"https:\/\/ilainez.com\/politica-de-cookies\/\" \/>\n<meta property=\"og:site_name\" content=\"Lainez\" \/>\n<meta name=\"twitter:card\" content=\"summary_large_image\" \/>\n<meta name=\"twitter:label1\" content=\"Tiempo de lectura\" \/>\n\t<meta name=\"twitter:data1\" content=\"2 minutos\" \/>\n<script type=\"application\/ld+json\" class=\"yoast-schema-graph\">{\"@context\":\"https:\/\/schema.org\",\"@graph\":[{\"@type\":\"WebPage\",\"@id\":\"https:\/\/ilainez.com\/politica-de-cookies\/\",\"url\":\"https:\/\/ilainez.com\/politica-de-cookies\/\",\"name\":\"Pol\u00edtica de Cookies - Lainez\",\"isPartOf\":{\"@id\":\"https:\/\/ilainez.com\/#website\"},\"datePublished\":\"2025-06-13T10:37:20+00:00\",\"breadcrumb\":{\"@id\":\"https:\/\/ilainez.com\/politica-de-cookies\/#breadcrumb\"},\"inLanguage\":\"es\",\"potentialAction\":[{\"@type\":\"ReadAction\",\"target\":[\"https:\/\/ilainez.com\/politica-de-cookies\/\"]}]},{\"@type\":\"BreadcrumbList\",\"@id\":\"https:\/\/ilainez.com\/politica-de-cookies\/#breadcrumb\",\"itemListElement\":[{\"@type\":\"ListItem\",\"position\":1,\"name\":\"Inici\",\"item\":\"https:\/\/ilainez.com\/es\/\"},{\"@type\":\"ListItem\",\"position\":2,\"name\":\"Pol\u00edtica de Cookies\"}]},{\"@type\":\"WebSite\",\"@id\":\"https:\/\/ilainez.com\/#website\",\"url\":\"https:\/\/ilainez.com\/\",\"name\":\"Lainez\",\"description\":\"\",\"potentialAction\":[{\"@type\":\"SearchAction\",\"target\":{\"@type\":\"EntryPoint\",\"urlTemplate\":\"https:\/\/ilainez.com\/?s={search_term_string}\"},\"query-input\":{\"@type\":\"PropertyValueSpecification\",\"valueRequired\":true,\"valueName\":\"search_term_string\"}}],\"inLanguage\":\"es\"}]}<\/script>\n<!-- \/ Yoast SEO plugin. -->","yoast_head_json":{"title":"Pol\u00edtica de Cookies - Lainez","robots":{"index":"index","follow":"follow","max-snippet":"max-snippet:-1","max-image-preview":"max-image-preview:large","max-video-preview":"max-video-preview:-1"},"canonical":"https:\/\/ilainez.com\/politica-de-cookies\/","og_locale":"es_ES","og_type":"article","og_title":"Pol\u00edtica de Cookies - Lainez","og_description":"Inicio Pol\u00edtica de Cookies Pol\u00edtica de Cookies En cumplimiento del que dispone el art\u00edculo 22.2 de la Ley 34\/2002, de 11 de julio, de servicios de la sociedad de la informaci\u00f3n y de e-commerce (LSSI-CE), se informa a los usuarios sobre la utilizaci\u00f3n de cookies al sitio web https:\/\/ilainez.com\/. 1. \u00bfQu\u00e9 son las cookies? Las [&hellip;]","og_url":"https:\/\/ilainez.com\/politica-de-cookies\/","og_site_name":"Lainez","twitter_card":"summary_large_image","twitter_misc":{"Tiempo de lectura":"2 minutos"},"schema":{"@context":"https:\/\/schema.org","@graph":[{"@type":"WebPage","@id":"https:\/\/ilainez.com\/politica-de-cookies\/","url":"https:\/\/ilainez.com\/politica-de-cookies\/","name":"Pol\u00edtica de Cookies - Lainez","isPartOf":{"@id":"https:\/\/ilainez.com\/#website"},"datePublished":"2025-06-13T10:37:20+00:00","breadcrumb":{"@id":"https:\/\/ilainez.com\/politica-de-cookies\/#breadcrumb"},"inLanguage":"es","potentialAction":[{"@type":"ReadAction","target":["https:\/\/ilainez.com\/politica-de-cookies\/"]}]},{"@type":"BreadcrumbList","@id":"https:\/\/ilainez.com\/politica-de-cookies\/#breadcrumb","itemListElement":[{"@type":"ListItem","position":1,"name":"Inici","item":"https:\/\/ilainez.com\/es\/"},{"@type":"ListItem","position":2,"name":"Pol\u00edtica de Cookies"}]},{"@type":"WebSite","@id":"https:\/\/ilainez.com\/#website","url":"https:\/\/ilainez.com\/","name":"Lainez","description":"","potentialAction":[{"@type":"SearchAction","target":{"@type":"EntryPoint","urlTemplate":"https:\/\/ilainez.com\/?s={search_term_string}"},"query-input":{"@type":"PropertyValueSpecification","valueRequired":true,"valueName":"search_term_string"}}],"inLanguage":"es"}]}},"_links":{"self":[{"href":"https:\/\/ilainez.com\/es\/wp-json\/wp\/v2\/pages\/6763","targetHints":{"allow":["GET"]}}],"collection":[{"href":"https:\/\/ilainez.com\/es\/wp-json\/wp\/v2\/pages"}],"about":[{"href":"https:\/\/ilainez.com\/es\/wp-json\/wp\/v2\/types\/page"}],"author":[{"embeddable":true,"href":"https:\/\/ilainez.com\/es\/wp-json\/wp\/v2\/users\/1"}],"replies":[{"embeddable":true,"href":"https:\/\/ilainez.com\/es\/wp-json\/wp\/v2\/comments?post=6763"}],"version-history":[{"count":0,"href":"https:\/\/ilainez.com\/es\/wp-json\/wp\/v2\/pages\/6763\/revisions"}],"wp:attachment":[{"href":"https:\/\/ilainez.com\/es\/wp-json\/wp\/v2\/media?parent=6763"}],"curies":[{"name":"wp","href":"https:\/\/api.w.org\/{rel}","templated":true}]}}