{"id":6757,"date":"2025-06-13T10:47:43","date_gmt":"2025-06-13T10:47:43","guid":{"rendered":"https:\/\/ilainez.com\/declaracion-de-accesibilidad\/"},"modified":"2025-06-27T09:03:00","modified_gmt":"2025-06-27T09:03:00","slug":"declaracion-de-accesibilidad","status":"publish","type":"page","link":"https:\/\/ilainez.com\/es\/declaracion-de-accesibilidad\/","title":{"rendered":"Declaraci\u00f3n de accesibilidad"},"content":{"rendered":"<style>.elementor-6757 .elementor-element.elementor-element-7560a27f > .elementor-container{max-width:1240px;}.elementor-6757 .elementor-element.elementor-element-7560a27f:not(.elementor-motion-effects-element-type-background), .elementor-6757 .elementor-element.elementor-element-7560a27f > .elementor-motion-effects-container > .elementor-motion-effects-layer{background-color:var( --e-global-color-6cdf674 );}.elementor-6757 .elementor-element.elementor-element-7560a27f > .elementor-background-overlay{background-image:url(\"https:\/\/ilainez.com\/wp-content\/uploads\/2025\/06\/top-section-bg4.png\");background-position:center center;background-repeat:no-repeat;background-size:cover;opacity:0.5;mix-blend-mode:multiply;transition:background 0.3s, border-radius 0.3s, opacity 0.3s;}.elementor-6757 .elementor-element.elementor-element-7560a27f{border-style:none;transition:background 0.3s, border 0.3s, border-radius 0.3s, box-shadow 0.3s;padding:180px 0px 100px 0px;}.elementor-6757 .elementor-element.elementor-element-32e322a5 > .elementor-element-populated{margin:0px 0px 0px 0px;--e-column-margin-right:0px;--e-column-margin-left:0px;}.elementor-6757 .elementor-element.elementor-element-29fa82b5 .elementor-icon-list-items:not(.elementor-inline-items) .elementor-icon-list-item:not(:last-child){padding-block-end:calc(10px\/2);}.elementor-6757 .elementor-element.elementor-element-29fa82b5 .elementor-icon-list-items:not(.elementor-inline-items) .elementor-icon-list-item:not(:first-child){margin-block-start:calc(10px\/2);}.elementor-6757 .elementor-element.elementor-element-29fa82b5 .elementor-icon-list-items.elementor-inline-items .elementor-icon-list-item{margin-inline:calc(10px\/2);}.elementor-6757 .elementor-element.elementor-element-29fa82b5 .elementor-icon-list-items.elementor-inline-items{margin-inline:calc(-10px\/2);}.elementor-6757 .elementor-element.elementor-element-29fa82b5 .elementor-icon-list-items.elementor-inline-items .elementor-icon-list-item:after{inset-inline-end:calc(-10px\/2);}.elementor-6757 .elementor-element.elementor-element-29fa82b5 .elementor-icon-list-icon i{color:var( --e-global-color-b5d4e2e );transition:color 0.3s;}.elementor-6757 .elementor-element.elementor-element-29fa82b5 .elementor-icon-list-icon svg{fill:var( --e-global-color-b5d4e2e );transition:fill 0.3s;}.elementor-6757 .elementor-element.elementor-element-29fa82b5{--e-icon-list-icon-size:14px;--icon-vertical-offset:0px;width:auto;max-width:auto;}.elementor-6757 .elementor-element.elementor-element-29fa82b5 .elementor-icon-list-icon{padding-inline-end:2px;}.elementor-6757 .elementor-element.elementor-element-29fa82b5 .elementor-icon-list-item > .elementor-icon-list-text, .elementor-6757 .elementor-element.elementor-element-29fa82b5 .elementor-icon-list-item > a{font-family:var( --e-global-typography-01dd835-font-family ), Sans-serif;font-size:var( --e-global-typography-01dd835-font-size );font-weight:var( --e-global-typography-01dd835-font-weight );line-height:var( --e-global-typography-01dd835-line-height );letter-spacing:var( --e-global-typography-01dd835-letter-spacing );word-spacing:var( --e-global-typography-01dd835-word-spacing );}.elementor-6757 .elementor-element.elementor-element-29fa82b5 .elementor-icon-list-text{color:var( --e-global-color-primary );transition:color 0.3s;}.elementor-6757 .elementor-element.elementor-element-29fa82b5 > .elementor-widget-container{padding:10px 24px 10px 24px;background-color:#2C4CD300;border-style:solid;border-width:1px 1px 1px 1px;border-color:#00000012;border-radius:100px 100px 100px 100px;}.elementor-6757 .elementor-element.elementor-element-78f72765 .elementor-heading-title{font-family:var( --e-global-typography-138675c-font-family ), Sans-serif;font-size:var( --e-global-typography-138675c-font-size );font-weight:var( --e-global-typography-138675c-font-weight );line-height:var( --e-global-typography-138675c-line-height );letter-spacing:var( --e-global-typography-138675c-letter-spacing );word-spacing:var( --e-global-typography-138675c-word-spacing );color:var( --e-global-color-primary );}.elementor-6757 .elementor-element.elementor-element-78f72765 > .elementor-widget-container{margin:20px 0px 0px 0px;}.elementor-bc-flex-widget .elementor-6757 .elementor-element.elementor-element-687f14d1.elementor-column .elementor-widget-wrap{align-items:flex-end;}.elementor-6757 .elementor-element.elementor-element-687f14d1.elementor-column.elementor-element[data-element_type=\"column\"] > .elementor-widget-wrap.elementor-element-populated{align-content:flex-end;align-items:flex-end;}.elementor-6757 .elementor-element.elementor-element-687f14d1 > .elementor-element-populated{margin:0px 0px 0px 60px;--e-column-margin-right:0px;--e-column-margin-left:60px;}.elementor-6757 .elementor-element.elementor-element-16fa8eff{--spacer-size:170px;}.elementor-6757 .elementor-element.elementor-element-16fa8eff > .elementor-widget-container{background-image:url(\"https:\/\/ilainez.com\/wp-content\/uploads\/2025\/06\/young-repairman-of-maintenance-service-shaking-hand-of-housewife-after-work.jpg\");background-position:0px 0px;background-size:cover;border-radius:150px 150px 150px 150px;}.elementor-6757 .elementor-element.elementor-element-2fa89a0f > .elementor-container{max-width:1240px;}.elementor-6757 .elementor-element.elementor-element-2fa89a0f{padding:120px 0px 80px 0px;}@media(max-width:1024px) and (min-width:768px){.elementor-6757 .elementor-element.elementor-element-32e322a5{width:100%;}.elementor-6757 .elementor-element.elementor-element-687f14d1{width:100%;}}@media(max-width:1024px){.elementor-6757 .elementor-element.elementor-element-7560a27f{padding:180px 20px 100px 20px;}.elementor-6757 .elementor-element.elementor-element-32e322a5 > .elementor-element-populated{margin:0px 0px 30px 0px;--e-column-margin-right:0px;--e-column-margin-left:0px;}.elementor-6757 .elementor-element.elementor-element-29fa82b5 .elementor-icon-list-item > .elementor-icon-list-text, .elementor-6757 .elementor-element.elementor-element-29fa82b5 .elementor-icon-list-item > a{font-size:var( --e-global-typography-01dd835-font-size );line-height:var( --e-global-typography-01dd835-line-height );letter-spacing:var( --e-global-typography-01dd835-letter-spacing );word-spacing:var( --e-global-typography-01dd835-word-spacing );}.elementor-6757 .elementor-element.elementor-element-78f72765 .elementor-heading-title{font-size:var( --e-global-typography-138675c-font-size );line-height:var( --e-global-typography-138675c-line-height );letter-spacing:var( --e-global-typography-138675c-letter-spacing );word-spacing:var( --e-global-typography-138675c-word-spacing );}.elementor-6757 .elementor-element.elementor-element-687f14d1 > .elementor-element-populated{margin:0px 0px 0px 0px;--e-column-margin-right:0px;--e-column-margin-left:0px;}.elementor-6757 .elementor-element.elementor-element-16fa8eff > .elementor-widget-container{background-position:0px -23px;}.elementor-6757 .elementor-element.elementor-element-2fa89a0f{padding:80px 20px 60px 20px;}}@media(max-width:767px){.elementor-6757 .elementor-element.elementor-element-7560a27f{padding:150px 10px 60px 10px;}.elementor-6757 .elementor-element.elementor-element-29fa82b5 .elementor-icon-list-item > .elementor-icon-list-text, .elementor-6757 .elementor-element.elementor-element-29fa82b5 .elementor-icon-list-item > a{font-size:var( --e-global-typography-01dd835-font-size );line-height:var( --e-global-typography-01dd835-line-height );letter-spacing:var( --e-global-typography-01dd835-letter-spacing );word-spacing:var( --e-global-typography-01dd835-word-spacing );}.elementor-6757 .elementor-element.elementor-element-78f72765 .elementor-heading-title{font-size:var( --e-global-typography-138675c-font-size );line-height:var( --e-global-typography-138675c-line-height );letter-spacing:var( --e-global-typography-138675c-letter-spacing );word-spacing:var( --e-global-typography-138675c-word-spacing );}.elementor-6757 .elementor-element.elementor-element-16fa8eff{--spacer-size:120px;}.elementor-6757 .elementor-element.elementor-element-16fa8eff > .elementor-widget-container{background-position:0px 0px;}.elementor-6757 .elementor-element.elementor-element-2fa89a0f{padding:80px 10px 60px 10px;}}<\/style>\t\t<div data-elementor-type=\"wp-page\" data-elementor-id=\"6757\" class=\"elementor elementor-6757\" data-elementor-post-type=\"page\">\n\t\t\t\t\t\t<section class=\"elementor-section elementor-top-section elementor-element elementor-element-7560a27f elementor-section-boxed elementor-section-height-default elementor-section-height-default\" data-id=\"7560a27f\" data-element_type=\"section\" data-e-type=\"section\" data-settings=\"{&quot;background_background&quot;:&quot;classic&quot;}\">\n\t\t\t\t\t\t\t<div class=\"elementor-background-overlay\"><\/div>\n\t\t\t\t\t\t\t<div class=\"elementor-container elementor-column-gap-no\">\n\t\t\t\t\t<div class=\"elementor-column elementor-col-50 elementor-top-column elementor-element elementor-element-32e322a5\" data-id=\"32e322a5\" data-element_type=\"column\" data-e-type=\"column\">\n\t\t\t<div class=\"elementor-widget-wrap elementor-element-populated\">\n\t\t\t\t\t\t<div class=\"elementor-element elementor-element-29fa82b5 elementor-icon-list--layout-inline elementor-widget__width-auto elementor-list-item-link-full_width elementor-widget elementor-widget-icon-list\" data-id=\"29fa82b5\" data-element_type=\"widget\" data-e-type=\"widget\" data-widget_type=\"icon-list.default\">\n\t\t\t\t<div class=\"elementor-widget-container\">\n\t\t\t\t\t\t\t<ul class=\"elementor-icon-list-items elementor-inline-items\">\n\t\t\t\t\t\t\t<li class=\"elementor-icon-list-item elementor-inline-item\">\n\t\t\t\t\t\t\t\t\t\t\t<a href=\"https:\/\/ilainez.com\/\">\n\n\t\t\t\t\t\t\t\t\t\t\t<span class=\"elementor-icon-list-text\">Inici<\/span>\n\t\t\t\t\t\t\t\t\t\t\t<\/a>\n\t\t\t\t\t\t\t\t\t<\/li>\n\t\t\t\t\t\t\t\t<li class=\"elementor-icon-list-item elementor-inline-item\">\n\t\t\t\t\t\t\t\t\t\t\t<a href=\"https:\/\/ilainez.com\/declaracio-daccessibilitat\/\">\n\n\t\t\t\t\t\t\t\t\t\t\t\t<span class=\"elementor-icon-list-icon\">\n\t\t\t\t\t\t\t<svg aria-hidden=\"true\" class=\"e-font-icon-svg e-fas-chevron-circle-right\" viewBox=\"0 0 512 512\" xmlns=\"http:\/\/www.w3.org\/2000\/svg\"><path d=\"M256 8c137 0 248 111 248 248S393 504 256 504 8 393 8 256 119 8 256 8zm113.9 231L234.4 103.5c-9.4-9.4-24.6-9.4-33.9 0l-17 17c-9.4 9.4-9.4 24.6 0 33.9L285.1 256 183.5 357.6c-9.4 9.4-9.4 24.6 0 33.9l17 17c9.4 9.4 24.6 9.4 33.9 0L369.9 273c9.4-9.4 9.4-24.6 0-34z\"><\/path><\/svg>\t\t\t\t\t\t<\/span>\n\t\t\t\t\t\t\t\t\t\t<span class=\"elementor-icon-list-text\">Declaraci\u00f3 d'accessibilitat<\/span>\n\t\t\t\t\t\t\t\t\t\t\t<\/a>\n\t\t\t\t\t\t\t\t\t<\/li>\n\t\t\t\t\t\t<\/ul>\n\t\t\t\t\t\t<\/div>\n\t\t\t\t<\/div>\n\t\t\t\t<div class=\"elementor-element elementor-element-78f72765 elementor-widget elementor-widget-heading\" data-id=\"78f72765\" data-element_type=\"widget\" data-e-type=\"widget\" data-widget_type=\"heading.default\">\n\t\t\t\t<div class=\"elementor-widget-container\">\n\t\t\t\t\t<h2 class=\"elementor-heading-title elementor-size-default\">Declaraci\u00f3 d'accessibilitat<\/h2>\t\t\t\t<\/div>\n\t\t\t\t<\/div>\n\t\t\t\t\t<\/div>\n\t\t<\/div>\n\t\t\t\t<div class=\"elementor-column elementor-col-50 elementor-top-column elementor-element elementor-element-687f14d1\" data-id=\"687f14d1\" data-element_type=\"column\" data-e-type=\"column\">\n\t\t\t<div class=\"elementor-widget-wrap elementor-element-populated\">\n\t\t\t\t\t\t<div class=\"elementor-element elementor-element-16fa8eff elementor-widget elementor-widget-spacer\" data-id=\"16fa8eff\" data-element_type=\"widget\" data-e-type=\"widget\" data-widget_type=\"spacer.default\">\n\t\t\t\t<div class=\"elementor-widget-container\">\n\t\t\t\t\t\t\t<div class=\"elementor-spacer\">\n\t\t\t<div class=\"elementor-spacer-inner\"><\/div>\n\t\t<\/div>\n\t\t\t\t\t\t<\/div>\n\t\t\t\t<\/div>\n\t\t\t\t\t<\/div>\n\t\t<\/div>\n\t\t\t\t\t<\/div>\n\t\t<\/section>\n\t\t\t\t<section class=\"elementor-section elementor-top-section elementor-element elementor-element-2fa89a0f elementor-section-boxed elementor-section-height-default elementor-section-height-default\" data-id=\"2fa89a0f\" data-element_type=\"section\" data-e-type=\"section\">\n\t\t\t\t\t\t<div class=\"elementor-container elementor-column-gap-no\">\n\t\t\t\t\t<div class=\"elementor-column elementor-col-100 elementor-top-column elementor-element elementor-element-591937cf\" data-id=\"591937cf\" data-element_type=\"column\" data-e-type=\"column\">\n\t\t\t<div class=\"elementor-widget-wrap elementor-element-populated\">\n\t\t\t\t\t\t<div class=\"elementor-element elementor-element-0ca6adf elementor-widget elementor-widget-text-editor\" data-id=\"0ca6adf\" data-element_type=\"widget\" data-e-type=\"widget\" data-widget_type=\"text-editor.default\">\n\t\t\t\t<div class=\"elementor-widget-container\">\n\t\t\t\t\t\t\t\t\t<p data-start=\"291\" data-end=\"549\"><strong data-start=\"291\" data-end=\"316\">Lainez Instal\u00b7lacions<\/strong> es compromet a fer accessible el seu lloc web <a class=\"\" href=\"https:\/\/ilainez.com\/\" target=\"_new\" rel=\"noopener\" data-start=\"363\" data-end=\"415\">https:\/\/ilainez.com\/<\/a>, d\u2019acord amb el Reial decret 1112\/2018, de 7 de setembre, sobre accessibilitat dels llocs web i aplicacions per a dispositius m\u00f2bils.<\/p><p data-start=\"551\" data-end=\"608\">Aquesta declaraci\u00f3 d\u2019accessibilitat s\u2019aplica al lloc web:<\/p><p data-start=\"610\" data-end=\"666\"><strong data-start=\"610\" data-end=\"666\"><a class=\"\" href=\"https:\/\/ilainez.com\/\" target=\"_new\" rel=\"noopener\" data-start=\"612\" data-end=\"664\">https:\/\/ilainez.com\/<\/a><\/strong><\/p>\t\t\t\t\t\t\t\t<\/div>\n\t\t\t\t<\/div>\n\t\t\t\t<div class=\"elementor-element elementor-element-75a8979 elementor-widget elementor-widget-text-editor\" data-id=\"75a8979\" data-element_type=\"widget\" data-e-type=\"widget\" data-widget_type=\"text-editor.default\">\n\t\t\t\t<div class=\"elementor-widget-container\">\n\t\t\t\t\t\t\t\t\t<h5>1. Situaci\u00f3 de compliment<\/h5><p data-start=\"705\" data-end=\"872\">Aquest lloc web \u00e9s <strong data-start=\"724\" data-end=\"748\">parcialment conforme<\/strong> amb el Reial decret 1112\/2018 a causa de les excepcions i falta de conformitat dels aspectes que es detallen a continuaci\u00f3.<\/p>\t\t\t\t\t\t\t\t<\/div>\n\t\t\t\t<\/div>\n\t\t\t\t<div class=\"elementor-element elementor-element-58cd05a elementor-widget elementor-widget-text-editor\" data-id=\"58cd05a\" data-element_type=\"widget\" data-e-type=\"widget\" data-widget_type=\"text-editor.default\">\n\t\t\t\t<div class=\"elementor-widget-container\">\n\t\t\t\t\t\t\t\t\t<h5>2. Contingut no accessible<\/h5><p data-start=\"912\" data-end=\"991\">El contingut que es recull a continuaci\u00f3 no \u00e9s accessible pels motius seg\u00fcents:<\/p><ul data-start=\"993\" data-end=\"1502\"><li data-start=\"993\" data-end=\"1260\"><p data-start=\"995\" data-end=\"1260\"><strong data-start=\"995\" data-end=\"1040\">Falta de conformitat amb el RD 1112\/2018:<\/strong><br data-start=\"1040\" data-end=\"1043\" \/>\u00c9s possible que alguns continguts no disposin d\u2019una alternativa textual adequada, que certes imatges no tinguin descripcions alternatives o que hi hagi elements que no siguin totalment accessibles mitjan\u00e7ant teclat.<\/p><\/li><li data-start=\"1262\" data-end=\"1308\"><p data-start=\"1264\" data-end=\"1308\"><strong data-start=\"1264\" data-end=\"1293\">C\u00e0rrega desproporcionada:<\/strong><br data-start=\"1293\" data-end=\"1296\" \/>No aplica.<\/p><\/li><li data-start=\"1310\" data-end=\"1502\"><p data-start=\"1312\" data-end=\"1502\"><strong data-start=\"1312\" data-end=\"1381\">El contingut no entra dins de l\u2019\u00e0mbit de la legislaci\u00f3 aplicable:<\/strong><br data-start=\"1381\" data-end=\"1384\" \/>Podrien existir arxius ofim\u00e0tics o continguts de tercers que no compleixin totalment els requisits d\u2019accessibilitat.<\/p><\/li><\/ul>\t\t\t\t\t\t\t\t<\/div>\n\t\t\t\t<\/div>\n\t\t\t\t<div class=\"elementor-element elementor-element-013d61f elementor-widget elementor-widget-text-editor\" data-id=\"013d61f\" data-element_type=\"widget\" data-e-type=\"widget\" data-widget_type=\"text-editor.default\">\n\t\t\t\t<div class=\"elementor-widget-container\">\n\t\t\t\t\t\t\t\t\t<h5>3. Preparaci\u00f3 d\u2019aquesta declaraci\u00f3 d\u2019accessibilitat<\/h5><p data-start=\"1567\" data-end=\"1627\">Aquesta declaraci\u00f3 es va preparar el <strong data-start=\"1604\" data-end=\"1626\">13 de juny de 2025<\/strong>.<\/p><p data-start=\"1629\" data-end=\"1759\">El m\u00e8tode utilitzat per preparar la declaraci\u00f3 ha estat una autoavaluaci\u00f3 realitzada pel propi equip de <strong data-start=\"1733\" data-end=\"1758\">Lainez Instal\u00b7lacions<\/strong>.<\/p>\t\t\t\t\t\t\t\t<\/div>\n\t\t\t\t<\/div>\n\t\t\t\t<div class=\"elementor-element elementor-element-f07a9ac elementor-widget elementor-widget-text-editor\" data-id=\"f07a9ac\" data-element_type=\"widget\" data-e-type=\"widget\" data-widget_type=\"text-editor.default\">\n\t\t\t\t<div class=\"elementor-widget-container\">\n\t\t\t\t\t\t\t\t\t<h5>4. Observacions i dades de contacte<\/h5><p data-start=\"1808\" data-end=\"1992\">Si detecteu dificultats d&#8217;acc\u00e9s al lloc web o voleu comunicar qualsevol incid\u00e8ncia o suggeriment de millora relacionat amb l&#8217;accessibilitat, podeu fer-ho a trav\u00e9s dels seg\u00fcents canals:<\/p><ul data-start=\"1994\" data-end=\"2128\"><li data-start=\"1994\" data-end=\"2023\"><p data-start=\"1996\" data-end=\"2023\"><strong data-start=\"1996\" data-end=\"2008\">Tel\u00e8fon:<\/strong> 646 60 68 63<\/p><\/li><li data-start=\"2024\" data-end=\"2065\"><p data-start=\"2026\" data-end=\"2065\"><strong data-start=\"2026\" data-end=\"2048\">Correu electr\u00f2nic:<\/strong> <a class=\"cursor-pointer\" rel=\"noopener\" data-start=\"2049\" data-end=\"2063\">info@ilainez.com<\/a><\/p><\/li><li data-start=\"2066\" data-end=\"2128\"><p data-start=\"2068\" data-end=\"2128\"><strong data-start=\"2068\" data-end=\"2086\">Adre\u00e7a postal:<\/strong> C\/ Ametller, 64 \u2013 08711 \u00d2dena \u2013 Barcelona<\/p><\/li><\/ul>\t\t\t\t\t\t\t\t<\/div>\n\t\t\t\t<\/div>\n\t\t\t\t<div class=\"elementor-element elementor-element-ec796a9 elementor-widget elementor-widget-text-editor\" data-id=\"ec796a9\" data-element_type=\"widget\" data-e-type=\"widget\" data-widget_type=\"text-editor.default\">\n\t\t\t\t<div class=\"elementor-widget-container\">\n\t\t\t\t\t\t\t\t\t<h5>5. Procediment d\u2019aplicaci\u00f3<\/h5><p>Si la resposta a la comunicaci\u00f3 o sol\u00b7licitud d\u2019informaci\u00f3 accessible no fos satisfact\u00f2ria, la persona interessada podr\u00e0 presentar una reclamaci\u00f3 davant l\u2019<strong data-start=\"2323\" data-end=\"2366\">Ag\u00e8ncia Espanyola de Protecci\u00f3 de Dades<\/strong> o l\u2019organisme competent en mat\u00e8ria d\u2019accessibilitat digital.<\/p>\t\t\t\t\t\t\t\t<\/div>\n\t\t\t\t<\/div>\n\t\t\t\t\t<\/div>\n\t\t<\/div>\n\t\t\t\t\t<\/div>\n\t\t<\/section>\n\t\t\t\t<\/div>\n\t\t","protected":false},"excerpt":{"rendered":"<p>Inicio Declaraci\u00f3n de accesibilidad Declaraci\u00f3n de accesibilidad Lainez Instalaciones se compromete a hacer accesible su sitio web https:\/\/ilainez.com\/, de acuerdo con el Real Decreto 1112\/2018, de 7 de septiembre, sobre accesibilidad de los sitios web y aplicaciones para dispositivos m\u00f3viles. Esta declaraci\u00f3n de accesibilidad se aplica al sitio web: https:\/\/ilainez.com\/ 1. Situaci\u00f3n de cumplimiento Este [&hellip;]<\/p>\n","protected":false},"author":1,"featured_media":0,"parent":0,"menu_order":0,"comment_status":"closed","ping_status":"closed","template":"elementor_header_footer","meta":{"footnotes":""},"class_list":["post-6757","page","type-page","status-publish","hentry"],"yoast_head":"<!-- This site is optimized with the Yoast SEO plugin v26.9 - https:\/\/yoast.com\/product\/yoast-seo-wordpress\/ -->\n<title>Declaraci\u00f3n de accesibilidad - Lainez<\/title>\n<meta name=\"robots\" content=\"index, follow, max-snippet:-1, max-image-preview:large, max-video-preview:-1\" \/>\n<link rel=\"canonical\" href=\"https:\/\/ilainez.com\/declaracio-daccessibilitat\/\" \/>\n<meta property=\"og:locale\" content=\"es_ES\" \/>\n<meta property=\"og:type\" content=\"article\" \/>\n<meta property=\"og:title\" content=\"Declaraci\u00f3n de accesibilidad - Lainez\" \/>\n<meta property=\"og:description\" content=\"Inicio Declaraci\u00f3n de accesibilidad Declaraci\u00f3n de accesibilidad Lainez Instalaciones se compromete a hacer accesible su sitio web https:\/\/ilainez.com\/, de acuerdo con el Real Decreto 1112\/2018, de 7 de septiembre, sobre accesibilidad de los sitios web y aplicaciones para dispositivos m\u00f3viles. Esta declaraci\u00f3n de accesibilidad se aplica al sitio web: https:\/\/ilainez.com\/ 1. Situaci\u00f3n de cumplimiento Este [&hellip;]\" \/>\n<meta property=\"og:url\" content=\"https:\/\/ilainez.com\/declaracio-daccessibilitat\/\" \/>\n<meta property=\"og:site_name\" content=\"Lainez\" \/>\n<meta property=\"article:modified_time\" content=\"2025-06-27T09:03:00+00:00\" \/>\n<meta name=\"twitter:card\" content=\"summary_large_image\" \/>\n<meta name=\"twitter:label1\" content=\"Tiempo de lectura\" \/>\n\t<meta name=\"twitter:data1\" content=\"2 minutos\" \/>\n<script type=\"application\/ld+json\" class=\"yoast-schema-graph\">{\"@context\":\"https:\/\/schema.org\",\"@graph\":[{\"@type\":\"WebPage\",\"@id\":\"https:\/\/ilainez.com\/declaracio-daccessibilitat\/\",\"url\":\"https:\/\/ilainez.com\/declaracio-daccessibilitat\/\",\"name\":\"Declaraci\u00f3n de accesibilidad - Lainez\",\"isPartOf\":{\"@id\":\"https:\/\/ilainez.com\/#website\"},\"datePublished\":\"2025-06-13T10:47:43+00:00\",\"dateModified\":\"2025-06-27T09:03:00+00:00\",\"breadcrumb\":{\"@id\":\"https:\/\/ilainez.com\/declaracio-daccessibilitat\/#breadcrumb\"},\"inLanguage\":\"es\",\"potentialAction\":[{\"@type\":\"ReadAction\",\"target\":[\"https:\/\/ilainez.com\/declaracio-daccessibilitat\/\"]}]},{\"@type\":\"BreadcrumbList\",\"@id\":\"https:\/\/ilainez.com\/declaracio-daccessibilitat\/#breadcrumb\",\"itemListElement\":[{\"@type\":\"ListItem\",\"position\":1,\"name\":\"Inici\",\"item\":\"https:\/\/ilainez.com\/es\/\"},{\"@type\":\"ListItem\",\"position\":2,\"name\":\"Declaraci\u00f3n de accesibilidad\"}]},{\"@type\":\"WebSite\",\"@id\":\"https:\/\/ilainez.com\/#website\",\"url\":\"https:\/\/ilainez.com\/\",\"name\":\"Lainez\",\"description\":\"\",\"potentialAction\":[{\"@type\":\"SearchAction\",\"target\":{\"@type\":\"EntryPoint\",\"urlTemplate\":\"https:\/\/ilainez.com\/?s={search_term_string}\"},\"query-input\":{\"@type\":\"PropertyValueSpecification\",\"valueRequired\":true,\"valueName\":\"search_term_string\"}}],\"inLanguage\":\"es\"}]}<\/script>\n<!-- \/ Yoast SEO plugin. -->","yoast_head_json":{"title":"Declaraci\u00f3n de accesibilidad - Lainez","robots":{"index":"index","follow":"follow","max-snippet":"max-snippet:-1","max-image-preview":"max-image-preview:large","max-video-preview":"max-video-preview:-1"},"canonical":"https:\/\/ilainez.com\/declaracio-daccessibilitat\/","og_locale":"es_ES","og_type":"article","og_title":"Declaraci\u00f3n de accesibilidad - Lainez","og_description":"Inicio Declaraci\u00f3n de accesibilidad Declaraci\u00f3n de accesibilidad Lainez Instalaciones se compromete a hacer accesible su sitio web https:\/\/ilainez.com\/, de acuerdo con el Real Decreto 1112\/2018, de 7 de septiembre, sobre accesibilidad de los sitios web y aplicaciones para dispositivos m\u00f3viles. Esta declaraci\u00f3n de accesibilidad se aplica al sitio web: https:\/\/ilainez.com\/ 1. Situaci\u00f3n de cumplimiento Este [&hellip;]","og_url":"https:\/\/ilainez.com\/declaracio-daccessibilitat\/","og_site_name":"Lainez","article_modified_time":"2025-06-27T09:03:00+00:00","twitter_card":"summary_large_image","twitter_misc":{"Tiempo de lectura":"2 minutos"},"schema":{"@context":"https:\/\/schema.org","@graph":[{"@type":"WebPage","@id":"https:\/\/ilainez.com\/declaracio-daccessibilitat\/","url":"https:\/\/ilainez.com\/declaracio-daccessibilitat\/","name":"Declaraci\u00f3n de accesibilidad - Lainez","isPartOf":{"@id":"https:\/\/ilainez.com\/#website"},"datePublished":"2025-06-13T10:47:43+00:00","dateModified":"2025-06-27T09:03:00+00:00","breadcrumb":{"@id":"https:\/\/ilainez.com\/declaracio-daccessibilitat\/#breadcrumb"},"inLanguage":"es","potentialAction":[{"@type":"ReadAction","target":["https:\/\/ilainez.com\/declaracio-daccessibilitat\/"]}]},{"@type":"BreadcrumbList","@id":"https:\/\/ilainez.com\/declaracio-daccessibilitat\/#breadcrumb","itemListElement":[{"@type":"ListItem","position":1,"name":"Inici","item":"https:\/\/ilainez.com\/es\/"},{"@type":"ListItem","position":2,"name":"Declaraci\u00f3n de accesibilidad"}]},{"@type":"WebSite","@id":"https:\/\/ilainez.com\/#website","url":"https:\/\/ilainez.com\/","name":"Lainez","description":"","potentialAction":[{"@type":"SearchAction","target":{"@type":"EntryPoint","urlTemplate":"https:\/\/ilainez.com\/?s={search_term_string}"},"query-input":{"@type":"PropertyValueSpecification","valueRequired":true,"valueName":"search_term_string"}}],"inLanguage":"es"}]}},"_links":{"self":[{"href":"https:\/\/ilainez.com\/es\/wp-json\/wp\/v2\/pages\/6757","targetHints":{"allow":["GET"]}}],"collection":[{"href":"https:\/\/ilainez.com\/es\/wp-json\/wp\/v2\/pages"}],"about":[{"href":"https:\/\/ilainez.com\/es\/wp-json\/wp\/v2\/types\/page"}],"author":[{"embeddable":true,"href":"https:\/\/ilainez.com\/es\/wp-json\/wp\/v2\/users\/1"}],"replies":[{"embeddable":true,"href":"https:\/\/ilainez.com\/es\/wp-json\/wp\/v2\/comments?post=6757"}],"version-history":[{"count":0,"href":"https:\/\/ilainez.com\/es\/wp-json\/wp\/v2\/pages\/6757\/revisions"}],"wp:attachment":[{"href":"https:\/\/ilainez.com\/es\/wp-json\/wp\/v2\/media?parent=6757"}],"curies":[{"name":"wp","href":"https:\/\/api.w.org\/{rel}","templated":true}]}}